{"id":67,"date":"2020-12-20T13:49:55","date_gmt":"2020-12-20T12:49:55","guid":{"rendered":"https:\/\/southpaw.lu\/?page_id=67"},"modified":"2025-06-06T14:39:19","modified_gmt":"2025-06-06T12:39:19","slug":"impressum","status":"publish","type":"page","link":"https:\/\/southpaw.lu\/index.php\/impressum\/","title":{"rendered":"Impressum"},"content":{"rendered":"<div class=\"flex_column av_three_fifth  flex_column_div av-zero-column-padding first  avia-builder-el-0  el_before_av_two_fifth  avia-builder-el-first  \" style='border-radius:0px; '><section class=\"av_textblock_section \"  itemscope=\"itemscope\" itemtype=\"https:\/\/schema.org\/CreativeWork\" ><div class='avia_textblock  '   itemprop=\"text\" ><h5>Inhaltlich verantwortlich f\u00fcr diese Website ist:<\/h5>\n<p>SOUTHPAW S.\u00e0.r.l.<\/p>\n<p>Gesellschaftssitz:<br \/>\n14, Rue du Marche\u0301-aux-Herbes<\/p>\n<p>L-1728 Luxembourg<\/p>\n<p>moien@southpaw.lu<br \/>\nUSt-IdNr: LU32589364<\/p>\n<p>Mail: <a href=\"mailto:moien@southpaw.lu\">moien@southpaw.lu<\/a><\/p>\n<p>Gestaltung: dia\u00b0<br \/>\n<a href=\"http:\/\/www.diaberlin.de\">www.diaberlin.de<\/a><\/p>\n<p>Programmierung: Martha Friedrich<br \/>\n<a href=\"http:\/\/www.erklaerfilm-studio.de\">www.erklaerfilm-studio.de<\/a><\/p>\n<h5>Urheber- &amp; Nutzungsrechte<\/h5>\n<p>S\u00e4mtliche Inhalte dieser Website sind, soweit nicht anders vermerkt, das Eigentum von SOUTHPAW und urheberrechtlich gesch\u00fctzt. Sie d\u00fcrfen diese Inhalte ausschlie\u00dflich zu privaten Zwecken nutzen, speichern oder auf sie verweisen. Sofern Sie Inhalte dieser Website zitieren, m\u00fcssen Autor und Quelle genannt werden. Jegliche dar\u00fcber hinaus gehende Nutzung, Weitergabe oder Vervielf\u00e4ltigung, insbesondere zu kommerziellen Zwecken, ist ohne die vorherige schriftliche Zustimmung von SOUTHPAW nicht gestattet.<\/p>\n<h5>Haftungsausschluss &amp; Datenschutz<\/h5>\n<p>Die auf dieser Website enthaltenen Informationen wurden nach bestem Wissen sorgf\u00e4ltig zusammengestellt. Dennoch \u00fcbernehmen wir keinerlei Gew\u00e4hrleistung f\u00fcr die Vollst\u00e4ndigkeit, Richtigkeit und Aktualit\u00e4t dieser Informationen. Eine Haftung f\u00fcr irgendwelche Sch\u00e4den Dritter im Zusammenhang mit der Nutzung dieser Website ist ausgeschlossen.<\/p>\n<p>Soweit durch Verlinkung auf andere Websites weitere Informationen zug\u00e4nglich gemacht werden, weisen wir darauf hin, dass eine Inhaltskontrolle nicht stattgefunden hat und jegliche Haftung ausgeschlossen ist. Die Autoren dieser Website haben auf Inhalte externer Website keinerlei Einfluss. Dar\u00fcber hinaus bedeutet ein Verweis von dieser auf eine andere Website nicht, dass wir uns mit deren Inhalt identifizieren oder ihre Nutzung unterst\u00fctzen.<\/p>\n<\/div><\/section><\/div><div class=\"flex_column av_two_fifth  flex_column_div av-zero-column-padding   avia-builder-el-2  el_after_av_three_fifth  avia-builder-el-last  \" style='border-radius:0px; '><\/div><\/p>\n","protected":false},"excerpt":{"rendered":"","protected":false},"author":1,"featured_media":0,"parent":0,"menu_order":0,"comment_status":"closed","ping_status":"closed","template":"","meta":{"footnotes":""},"class_list":["post-67","page","type-page","status-publish","hentry"],"_links":{"self":[{"href":"https:\/\/southpaw.lu\/index.php\/wp-json\/wp\/v2\/pages\/67","targetHints":{"allow":["GET"]}}],"collection":[{"href":"https:\/\/southpaw.lu\/index.php\/wp-json\/wp\/v2\/pages"}],"about":[{"href":"https:\/\/southpaw.lu\/index.php\/wp-json\/wp\/v2\/types\/page"}],"author":[{"embeddable":true,"href":"https:\/\/southpaw.lu\/index.php\/wp-json\/wp\/v2\/users\/1"}],"replies":[{"embeddable":true,"href":"https:\/\/southpaw.lu\/index.php\/wp-json\/wp\/v2\/comments?post=67"}],"version-history":[{"count":9,"href":"https:\/\/southpaw.lu\/index.php\/wp-json\/wp\/v2\/pages\/67\/revisions"}],"predecessor-version":[{"id":149,"href":"https:\/\/southpaw.lu\/index.php\/wp-json\/wp\/v2\/pages\/67\/revisions\/149"}],"wp:attachment":[{"href":"https:\/\/southpaw.lu\/index.php\/wp-json\/wp\/v2\/media?parent=67"}],"curies":[{"name":"wp","href":"https:\/\/api.w.org\/{rel}","templated":true}]}}